{"id":8,"date":"2024-03-28T13:56:09","date_gmt":"2024-03-28T13:56:09","guid":{"rendered":"https:\/\/massage-castanet.fr\/?page_id=8"},"modified":"2024-04-10T15:14:57","modified_gmt":"2024-04-10T15:14:57","slug":"a-propos","status":"publish","type":"page","link":"https:\/\/massage-castanet.fr\/?page_id=8","title":{"rendered":"\u00c0 propos"},"content":{"rendered":"\t\t<div data-elementor-type=\"wp-page\" data-elementor-id=\"8\" class=\"elementor elementor-8\">\n\t\t\t\t<div class=\"elementor-element elementor-element-e6d1b3b e-con-full e-flex e-con e-parent\" data-id=\"e6d1b3b\" data-element_type=\"container\">\n\t\t<div class=\"elementor-element elementor-element-c9638c6 e-con-full e-flex e-con e-child\" data-id=\"c9638c6\" data-element_type=\"container\">\n\t\t\t\t<div class=\"elementor-element elementor-element-c284f0a elementor-align-justify elementor-widget__width-initial elementor-widget-mobile__width-initial elementor-widget-tablet__width-initial elementor-widget elementor-widget-button\" data-id=\"c284f0a\" data-element_type=\"widget\" data-widget_type=\"button.default\">\n\t\t\t\t<div class=\"elementor-widget-container\">\n\t\t\t\t\t\t\t\t\t<div class=\"elementor-button-wrapper\">\n\t\t\t\t\t<a class=\"elementor-button elementor-button-link elementor-size-sm\" href=\"https:\/\/www.planity.com\/loic-regare-naturopathe-massage-bien-etre-31320-castanet-tolosan\" target=\"_blank\">\n\t\t\t\t\t\t<span class=\"elementor-button-content-wrapper\">\n\t\t\t\t\t\t\t\t\t<span class=\"elementor-button-text\">Prendre RDV<\/span>\n\t\t\t\t\t<\/span>\n\t\t\t\t\t<\/a>\n\t\t\t\t<\/div>\n\t\t\t\t\t\t\t\t<\/div>\n\t\t\t\t<\/div>\n\t\t\t\t<\/div>\n\t\t<div class=\"elementor-element elementor-element-2ca5011 e-con-full e-flex e-con e-child\" data-id=\"2ca5011\" data-element_type=\"container\">\n\t\t\t\t<div class=\"elementor-element elementor-element-f054142 elementor-align-justify elementor-widget-tablet__width-initial elementor-widget-mobile__width-initial elementor-widget elementor-widget-button\" data-id=\"f054142\" data-element_type=\"widget\" data-widget_type=\"button.default\">\n\t\t\t\t<div class=\"elementor-widget-container\">\n\t\t\t\t\t\t\t\t\t<div class=\"elementor-button-wrapper\">\n\t\t\t\t\t<a class=\"elementor-button elementor-button-link elementor-size-sm\" href=\"https:\/\/loic-regare-naturopathe.my-shoop.store\/\" target=\"_blank\">\n\t\t\t\t\t\t<span class=\"elementor-button-content-wrapper\">\n\t\t\t\t\t\t\t\t\t<span class=\"elementor-button-text\">Bon cadeau<\/span>\n\t\t\t\t\t<\/span>\n\t\t\t\t\t<\/a>\n\t\t\t\t<\/div>\n\t\t\t\t\t\t\t\t<\/div>\n\t\t\t\t<\/div>\n\t\t\t\t<\/div>\n\t\t\t\t<\/div>\n\t\t<div class=\"elementor-element elementor-element-0006c46 e-flex e-con-boxed e-con e-parent\" data-id=\"0006c46\" data-element_type=\"container\">\n\t\t\t\t\t<div class=\"e-con-inner\">\n\t\t\t\t<div class=\"elementor-element elementor-element-2ea3c6d elementor-widget__width-initial elementor-position-top elementor-widget elementor-widget-image-box\" data-id=\"2ea3c6d\" data-element_type=\"widget\" data-widget_type=\"image-box.default\">\n\t\t\t\t<div class=\"elementor-widget-container\">\n\t\t\t\t\t<div class=\"elementor-image-box-wrapper\"><figure class=\"elementor-image-box-img\"><img fetchpriority=\"high\" decoding=\"async\" width=\"200\" height=\"300\" src=\"https:\/\/massage-castanet.fr\/wp-content\/uploads\/2024\/03\/DSC06906bf-200x300.jpg\" class=\"attachment-medium size-medium wp-image-96\" alt=\"\" srcset=\"https:\/\/massage-castanet.fr\/wp-content\/uploads\/2024\/03\/DSC06906bf-200x300.jpg 200w, https:\/\/massage-castanet.fr\/wp-content\/uploads\/2024\/03\/DSC06906bf-683x1024.jpg 683w, https:\/\/massage-castanet.fr\/wp-content\/uploads\/2024\/03\/DSC06906bf-768x1152.jpg 768w, https:\/\/massage-castanet.fr\/wp-content\/uploads\/2024\/03\/DSC06906bf-1024x1536.jpg 1024w, https:\/\/massage-castanet.fr\/wp-content\/uploads\/2024\/03\/DSC06906bf.jpg 1168w\" sizes=\"(max-width: 200px) 100vw, 200px\" \/><\/figure><div class=\"elementor-image-box-content\"><h3 class=\"elementor-image-box-title\">Lo\u00efc REGARE<\/h3><\/div><\/div>\t\t\t\t<\/div>\n\t\t\t\t<\/div>\n\t\t\t\t\t<\/div>\n\t\t\t\t<\/div>\n\t\t<div class=\"elementor-element elementor-element-5f14d5b e-flex e-con-boxed e-con e-parent\" data-id=\"5f14d5b\" data-element_type=\"container\">\n\t\t\t\t\t<div class=\"e-con-inner\">\n\t\t\t\t<div class=\"elementor-element elementor-element-a13ceee elementor-widget-divider--view-line elementor-widget elementor-widget-divider\" data-id=\"a13ceee\" data-element_type=\"widget\" data-widget_type=\"divider.default\">\n\t\t\t\t<div class=\"elementor-widget-container\">\n\t\t\t\t\t\t\t<div class=\"elementor-divider\">\n\t\t\t<span class=\"elementor-divider-separator\">\n\t\t\t\t\t\t<\/span>\n\t\t<\/div>\n\t\t\t\t\t\t<\/div>\n\t\t\t\t<\/div>\n\t\t\t\t\t<\/div>\n\t\t\t\t<\/div>\n\t\t<div class=\"elementor-element elementor-element-74dfae1 e-con-full e-flex e-con e-parent\" data-id=\"74dfae1\" data-element_type=\"container\">\n\t\t\t\t<div class=\"elementor-element elementor-element-6471d07 elementor-widget elementor-widget-text-editor\" data-id=\"6471d07\" data-element_type=\"widget\" data-widget_type=\"text-editor.default\">\n\t\t\t\t<div class=\"elementor-widget-container\">\n\t\t\t\t\t\t\t\t\t<p><strong>Naturopathe ,R\u00e9flexologie<\/strong><\/p><p><strong>Praticien en massage bien-\u00eatre \u00e0 Castanet tolosan et \u00e0 domicile<\/strong><\/p><p><strong>Dipl\u00f4m\u00e9 de l&rsquo;\u00e9cole Arnika Toulouse<\/strong><\/p><p class=\"font_8 wixui-rich-text__text\" style=\"font-size: 18px; line-height: 1.4em;\"><span class=\"wixui-rich-text__text\" style=\"letter-spacing: normal;\"><span class=\"wixui-rich-text__text\" style=\"font-size: 18px;\"><span class=\"color_30 wixui-rich-text__text\">Form\u00e9 initialement \u00e0 la gestion de l&rsquo;eau et la pr\u00e9servation des rivi\u00e8res, la <strong>nature<\/strong> a toujours \u00e9t\u00e9 au centre de l&rsquo;int\u00e9r\u00eat de Lo\u00efc. Passionn\u00e9 par la<br \/><strong>permaculture<\/strong> et le fonctionnement du <strong>vivant<\/strong> , aussi bien v\u00e9g\u00e9tal qu\u2019animal, <span style=\"text-decoration: underline;\"><a href=\"https:\/\/massage-castanet.fr\/?page_id=26\">la naturopathie<\/a><\/span> lui est apparu comme une \u00e9vidence. <strong>Autodidacte<\/strong> dans plusieurs domaines, il suit une formation certifiante \u00e0 l\u2019<span style=\"text-decoration: underline;\"><a href=\"https:\/\/www.arnika-formation.com\/\" target=\"_blank\" rel=\"noopener\">\u00e9cole Arnika<\/a><\/span> Toulouse. Il acquis alors de nombreuses techniques de <strong>manipulation<\/strong> pour renforcer son savoir <strong>th\u00e9orique<\/strong>. C\u2019est apr\u00e8s avoir r\u00e9solu personnellement plusieurs probl\u00e8mes de sant\u00e9, qu\u2019il d\u00e9cide alors de s\u2019occuper des autres, et de partager ses connaissances ainsi que son savoir faire.<br class=\"wixui-rich-text__text\" \/>Install\u00e9 depuis plusieurs ann\u00e9es en cabinet \u00e0 <strong>Castanet-Tolosan<\/strong>. Lo\u00efc<br \/>propose \u00e0 ses clients une panoplie de prestations ax\u00e9es sur la d\u00e9tente<br \/>et le <strong>bien-\u00eatre<\/strong>, dont la <span style=\"text-decoration: underline;\"><a href=\"https:\/\/massage-castanet.fr\/?page_id=29\">r\u00e9flexologie plantaire<\/a><\/span> ainsi que diff\u00e9rentes<br \/>techniques de <span style=\"text-decoration: underline;\"><a href=\"https:\/\/massage-castanet.fr\/?page_id=31\">massage bien-\u00eatre<\/a><\/span>. Sa<strong> cr\u00e9ativit\u00e9<\/strong> lui permet d\u2019adapter ses<br \/>massages en fonction de ses clients en utilisant des gestes issus de<br \/>plusieurs m\u00e9thodes de massage ( <strong>californien, ayurv\u00e9dique, drainant<\/strong>, <strong>balinais<\/strong> ,etc&#8230;)<br class=\"wixui-rich-text__text\" \/>Ces comp\u00e9tences en <strong>physiologie,anatomie, phytoth\u00e9rapie ,nutrition,<\/strong> et m\u00e9thodes de gestion du stress, lui permettent de r\u00e9aliser les s\u00e9ances de naturopathie avec une approche <strong>holistique<\/strong>, et de personnaliser les<br \/>consultations en fonction du <strong>terrain<\/strong> de la personne.<br class=\"wixui-rich-text__text\" \/>D\u2019un temp\u00e9rament <strong>calme<\/strong> et <strong>bienveillant<\/strong>, il vous accueille dans un lieu<br \/>propice \u00e0 la d\u00e9tente et au l\u00e2cher prise. Adaptable et polyvalent il peut \u00e9galement se d\u00e9placer \u00e0 votre <strong>domicile<\/strong> et intervenir dans les <strong>entreprises<\/strong>.<br \/><\/span><\/span><\/span><\/p>\t\t\t\t\t\t\t\t<\/div>\n\t\t\t\t<\/div>\n\t\t\t\t<\/div>\n\t\t<div class=\"elementor-element elementor-element-7259a1d e-flex e-con-boxed e-con e-parent\" data-id=\"7259a1d\" data-element_type=\"container\">\n\t\t\t\t\t<div class=\"e-con-inner\">\n\t\t\t\t<div class=\"elementor-element elementor-element-6da8ebb elementor-widget-divider--view-line elementor-widget elementor-widget-divider\" data-id=\"6da8ebb\" data-element_type=\"widget\" data-widget_type=\"divider.default\">\n\t\t\t\t<div class=\"elementor-widget-container\">\n\t\t\t\t\t\t\t<div class=\"elementor-divider\">\n\t\t\t<span class=\"elementor-divider-separator\">\n\t\t\t\t\t\t<\/span>\n\t\t<\/div>\n\t\t\t\t\t\t<\/div>\n\t\t\t\t<\/div>\n\t\t\t\t\t<\/div>\n\t\t\t\t<\/div>\n\t\t<div class=\"elementor-element elementor-element-fa0ccf3 e-flex e-con-boxed e-con e-parent\" data-id=\"fa0ccf3\" data-element_type=\"container\">\n\t\t\t\t\t<div class=\"e-con-inner\">\n\t\t\t\t<div class=\"elementor-element elementor-element-9cab400 elementor-widget elementor-widget-text-editor\" data-id=\"9cab400\" data-element_type=\"widget\" data-widget_type=\"text-editor.default\">\n\t\t\t\t<div class=\"elementor-widget-container\">\n\t\t\t\t\t\t\t\t\t<p><strong>Lo\u00efc R\u00e9gar\u00e9<\/strong><\/p><p><em>Naturopathe et Praticien en massage bien-\u00eatre<\/em><\/p><p>9 rue Auguste Renoir\u00a0<\/p><p>31320 Castanet tolosan<\/p><p>06-14-61-97-09<\/p><p>Siret: 81161364500019<\/p>\t\t\t\t\t\t\t\t<\/div>\n\t\t\t\t<\/div>\n\t\t\t\t\t<\/div>\n\t\t\t\t<\/div>\n\t\t<div class=\"elementor-element elementor-element-207e288 e-flex e-con-boxed e-con e-parent\" data-id=\"207e288\" data-element_type=\"container\">\n\t\t\t\t\t<div class=\"e-con-inner\">\n\t\t\t\t<div class=\"elementor-element elementor-element-d92639c elementor-align-justify elementor-widget__width-initial elementor-widget-mobile__width-initial elementor-widget-tablet__width-initial elementor-widget elementor-widget-button\" data-id=\"d92639c\" data-element_type=\"widget\" data-widget_type=\"button.default\">\n\t\t\t\t<div class=\"elementor-widget-container\">\n\t\t\t\t\t\t\t\t\t<div class=\"elementor-button-wrapper\">\n\t\t\t\t\t<a class=\"elementor-button elementor-button-link elementor-size-sm\" href=\"https:\/\/www.planity.com\/loic-regare-naturopathe-massage-bien-etre-31320-castanet-tolosan\" target=\"_blank\">\n\t\t\t\t\t\t<span class=\"elementor-button-content-wrapper\">\n\t\t\t\t\t\t\t\t\t<span class=\"elementor-button-text\">Prendre RDV<\/span>\n\t\t\t\t\t<\/span>\n\t\t\t\t\t<\/a>\n\t\t\t\t<\/div>\n\t\t\t\t\t\t\t\t<\/div>\n\t\t\t\t<\/div>\n\t\t\t\t\t<\/div>\n\t\t\t\t<\/div>\n\t\t\t\t<\/div>\n\t\t","protected":false},"excerpt":{"rendered":"<p>Prendre RDV Bon cadeau Lo\u00efc REGARE Naturopathe ,R\u00e9flexologie Praticien en massage bien-\u00eatre \u00e0 Castanet tolosan et \u00e0 domicile Dipl\u00f4m\u00e9 de l&rsquo;\u00e9cole Arnika Toulouse Form\u00e9 initialement \u00e0 la gestion de l&rsquo;eau et la pr\u00e9servation des rivi\u00e8res, la nature a toujours \u00e9t\u00e9 au centre de l&rsquo;int\u00e9r\u00eat de Lo\u00efc. Passionn\u00e9 par lapermaculture et le fonctionnement du vivant , [&hellip;]<\/p>\n","protected":false},"author":1,"featured_media":0,"parent":0,"menu_order":0,"comment_status":"closed","ping_status":"closed","template":"","meta":{"footnotes":""},"class_list":["post-8","page","type-page","status-publish","hentry","entry"],"yoast_head":"<!-- This site is optimized with the Yoast SEO Premium plugin v22.2 (Yoast SEO v26.2) - https:\/\/yoast.com\/wordpress\/plugins\/seo\/ -->\n<title>Massage bien-\u00eatre R\u00e9flexologie Naturopathe Castanet Tolosan Lo\u00efc<\/title>\n<meta name=\"description\" content=\"massage bien-\u00eatre \/ R\u00e9flexologie plantaire \/ Naturopathe \u00e0 Castanet Tolosan et \u00e0 domicile. Lo\u00efc R\u00e9gar\u00e9\" \/>\n<meta name=\"robots\" content=\"index, follow, max-snippet:-1, max-image-preview:large, max-video-preview:-1\" \/>\n<link rel=\"canonical\" href=\"https:\/\/massage-castanet.fr\/?page_id=8\" \/>\n<meta property=\"og:locale\" content=\"fr_FR\" \/>\n<meta property=\"og:type\" content=\"article\" \/>\n<meta property=\"og:title\" content=\"\u00c0 propos\" \/>\n<meta property=\"og:description\" content=\"massage bien-\u00eatre \/ R\u00e9flexologie plantaire \/ Naturopathe \u00e0 Castanet Tolosan et \u00e0 domicile. Lo\u00efc R\u00e9gar\u00e9\" \/>\n<meta property=\"og:url\" content=\"https:\/\/massage-castanet.fr\/?page_id=8\" \/>\n<meta property=\"og:site_name\" content=\"Massage bien-\u00eatre, R\u00e9flexologie et Naturopathe \u00e0 castanet tolosan et \u00e0 domicile\" \/>\n<meta property=\"article:publisher\" content=\"https:\/\/www.facebook.com\/naturopathe.castanet\/\" \/>\n<meta property=\"article:modified_time\" content=\"2024-04-10T15:14:57+00:00\" \/>\n<meta property=\"og:image\" content=\"https:\/\/massage-castanet.fr\/wp-content\/uploads\/2024\/03\/DSC06906bf-200x300.jpg\" \/>\n<meta name=\"twitter:card\" content=\"summary_large_image\" \/>\n<meta name=\"twitter:site\" content=\"@Naturopathe31\" \/>\n<meta name=\"twitter:label1\" content=\"Dur\u00e9e de lecture estim\u00e9e\" \/>\n\t<meta name=\"twitter:data1\" content=\"2 minutes\" \/>\n<script type=\"application\/ld+json\" class=\"yoast-schema-graph\">{\"@context\":\"https:\/\/schema.org\",\"@graph\":[{\"@type\":\"WebPage\",\"@id\":\"https:\/\/massage-castanet.fr\/?page_id=8\",\"url\":\"https:\/\/massage-castanet.fr\/?page_id=8\",\"name\":\"Massage bien-\u00eatre R\u00e9flexologie Naturopathe Castanet Tolosan Lo\u00efc\",\"isPartOf\":{\"@id\":\"https:\/\/massage-castanet.fr\/#website\"},\"primaryImageOfPage\":{\"@id\":\"https:\/\/massage-castanet.fr\/?page_id=8#primaryimage\"},\"image\":{\"@id\":\"https:\/\/massage-castanet.fr\/?page_id=8#primaryimage\"},\"thumbnailUrl\":\"https:\/\/massage-castanet.fr\/wp-content\/uploads\/2024\/03\/DSC06906bf-200x300.jpg\",\"datePublished\":\"2024-03-28T13:56:09+00:00\",\"dateModified\":\"2024-04-10T15:14:57+00:00\",\"description\":\"massage bien-\u00eatre \/ R\u00e9flexologie plantaire \/ Naturopathe \u00e0 Castanet Tolosan et \u00e0 domicile. Lo\u00efc R\u00e9gar\u00e9\",\"breadcrumb\":{\"@id\":\"https:\/\/massage-castanet.fr\/?page_id=8#breadcrumb\"},\"inLanguage\":\"fr-FR\",\"potentialAction\":[{\"@type\":\"ReadAction\",\"target\":[\"https:\/\/massage-castanet.fr\/?page_id=8\"]}]},{\"@type\":\"ImageObject\",\"inLanguage\":\"fr-FR\",\"@id\":\"https:\/\/massage-castanet.fr\/?page_id=8#primaryimage\",\"url\":\"https:\/\/massage-castanet.fr\/wp-content\/uploads\/2024\/03\/DSC06906bf.jpg\",\"contentUrl\":\"https:\/\/massage-castanet.fr\/wp-content\/uploads\/2024\/03\/DSC06906bf.jpg\",\"width\":1168,\"height\":1752},{\"@type\":\"BreadcrumbList\",\"@id\":\"https:\/\/massage-castanet.fr\/?page_id=8#breadcrumb\",\"itemListElement\":[{\"@type\":\"ListItem\",\"position\":1,\"name\":\"Accueil\",\"item\":\"https:\/\/massage-castanet.fr\/\"},{\"@type\":\"ListItem\",\"position\":2,\"name\":\"\u00c0 propos\"}]},{\"@type\":\"WebSite\",\"@id\":\"https:\/\/massage-castanet.fr\/#website\",\"url\":\"https:\/\/massage-castanet.fr\/\",\"name\":\"Massage \u00e0 castanet, R\u00e9flexologie et Naturopathe\",\"description\":\"Massage bien \u00eatre et Naturopathie \u00e0 castanet et \u00e0 domicile - Lo\u00efc R\u00e9garel\u00e9\",\"publisher\":{\"@id\":\"https:\/\/massage-castanet.fr\/#organization\"},\"potentialAction\":[{\"@type\":\"SearchAction\",\"target\":{\"@type\":\"EntryPoint\",\"urlTemplate\":\"https:\/\/massage-castanet.fr\/?s={search_term_string}\"},\"query-input\":{\"@type\":\"PropertyValueSpecification\",\"valueRequired\":true,\"valueName\":\"search_term_string\"}}],\"inLanguage\":\"fr-FR\"},{\"@type\":\"Organization\",\"@id\":\"https:\/\/massage-castanet.fr\/#organization\",\"name\":\"Massage bien \u00eatre , R\u00e9flexologie et Naturopathe Lo\u00efc R\u00e9gar\u00e9\",\"url\":\"https:\/\/massage-castanet.fr\/\",\"logo\":{\"@type\":\"ImageObject\",\"inLanguage\":\"fr-FR\",\"@id\":\"https:\/\/massage-castanet.fr\/#\/schema\/logo\/image\/\",\"url\":\"https:\/\/massage-castanet.fr\/wp-content\/uploads\/2024\/03\/DSC06782bf.jpg\",\"contentUrl\":\"https:\/\/massage-castanet.fr\/wp-content\/uploads\/2024\/03\/DSC06782bf.jpg\",\"width\":526,\"height\":351,\"caption\":\"Massage bien \u00eatre , R\u00e9flexologie et Naturopathe Lo\u00efc R\u00e9gar\u00e9\"},\"image\":{\"@id\":\"https:\/\/massage-castanet.fr\/#\/schema\/logo\/image\/\"},\"sameAs\":[\"https:\/\/www.facebook.com\/naturopathe.castanet\/\",\"https:\/\/x.com\/Naturopathe31\",\"https:\/\/www.instagram.com\/massage_naturo_castanet\/?hl=fr\"],\"description\":\"Massage et Naturopathe \u00e0 Castanet : Vous avez besoin d'un moment pour vous ? Besoin de vous d\u00e9tendre ? Je vous propose des s\u00e9ances de massage bien-\u00eatre et de r\u00e9flexologie plantaire \u00e0 Castanet tolosan. J'utilise des m\u00e9thodes issus des massages ayurv\u00e9dique, massage californien, massage drainant et massage balinais. En tant que naturopathe, je vous re\u00e7ois en consultation \u00e0 mon cabinet ou je peux me d\u00e9placer dans le secteur de Ramonville, Lab\u00e8ge, Escalquens, Auzeville, P\u00e9chabou ,Pompertuza, Lacroix-Falgarde, Montgiscard, Bazi\u00e8ge et Toulouse. Pour votre bien-\u00eatre, j'\u00e9tablis un programme d'hygi\u00e8ne de vie personnalis\u00e9 et adapt\u00e9 \u00e0 vos besoins en utilisant des m\u00e9thodes naturelles.\",\"email\":\"regare.naturo@gmail.com\",\"telephone\":\"06 14 61 97 09\",\"legalName\":\"Massage bien-\u00eatre et Naturopathe - Lo\u00efc R\u00e9gar\u00e9\",\"foundingDate\":\"2017-07-01\",\"taxID\":\"8116136450019\",\"numberOfEmployees\":{\"@type\":\"QuantitativeValue\",\"minValue\":\"1\",\"maxValue\":\"10\"}}]}<\/script>\n<!-- \/ Yoast SEO Premium plugin. -->","yoast_head_json":{"title":"Massage bien-\u00eatre R\u00e9flexologie Naturopathe Castanet Tolosan Lo\u00efc","description":"massage bien-\u00eatre \/ R\u00e9flexologie plantaire \/ Naturopathe \u00e0 Castanet Tolosan et \u00e0 domicile. Lo\u00efc R\u00e9gar\u00e9","robots":{"index":"index","follow":"follow","max-snippet":"max-snippet:-1","max-image-preview":"max-image-preview:large","max-video-preview":"max-video-preview:-1"},"canonical":"https:\/\/massage-castanet.fr\/?page_id=8","og_locale":"fr_FR","og_type":"article","og_title":"\u00c0 propos","og_description":"massage bien-\u00eatre \/ R\u00e9flexologie plantaire \/ Naturopathe \u00e0 Castanet Tolosan et \u00e0 domicile. Lo\u00efc R\u00e9gar\u00e9","og_url":"https:\/\/massage-castanet.fr\/?page_id=8","og_site_name":"Massage bien-\u00eatre, R\u00e9flexologie et Naturopathe \u00e0 castanet tolosan et \u00e0 domicile","article_publisher":"https:\/\/www.facebook.com\/naturopathe.castanet\/","article_modified_time":"2024-04-10T15:14:57+00:00","og_image":[{"url":"https:\/\/massage-castanet.fr\/wp-content\/uploads\/2024\/03\/DSC06906bf-200x300.jpg","type":"","width":"","height":""}],"twitter_card":"summary_large_image","twitter_site":"@Naturopathe31","twitter_misc":{"Dur\u00e9e de lecture estim\u00e9e":"2 minutes"},"schema":{"@context":"https:\/\/schema.org","@graph":[{"@type":"WebPage","@id":"https:\/\/massage-castanet.fr\/?page_id=8","url":"https:\/\/massage-castanet.fr\/?page_id=8","name":"Massage bien-\u00eatre R\u00e9flexologie Naturopathe Castanet Tolosan Lo\u00efc","isPartOf":{"@id":"https:\/\/massage-castanet.fr\/#website"},"primaryImageOfPage":{"@id":"https:\/\/massage-castanet.fr\/?page_id=8#primaryimage"},"image":{"@id":"https:\/\/massage-castanet.fr\/?page_id=8#primaryimage"},"thumbnailUrl":"https:\/\/massage-castanet.fr\/wp-content\/uploads\/2024\/03\/DSC06906bf-200x300.jpg","datePublished":"2024-03-28T13:56:09+00:00","dateModified":"2024-04-10T15:14:57+00:00","description":"massage bien-\u00eatre \/ R\u00e9flexologie plantaire \/ Naturopathe \u00e0 Castanet Tolosan et \u00e0 domicile. Lo\u00efc R\u00e9gar\u00e9","breadcrumb":{"@id":"https:\/\/massage-castanet.fr\/?page_id=8#breadcrumb"},"inLanguage":"fr-FR","potentialAction":[{"@type":"ReadAction","target":["https:\/\/massage-castanet.fr\/?page_id=8"]}]},{"@type":"ImageObject","inLanguage":"fr-FR","@id":"https:\/\/massage-castanet.fr\/?page_id=8#primaryimage","url":"https:\/\/massage-castanet.fr\/wp-content\/uploads\/2024\/03\/DSC06906bf.jpg","contentUrl":"https:\/\/massage-castanet.fr\/wp-content\/uploads\/2024\/03\/DSC06906bf.jpg","width":1168,"height":1752},{"@type":"BreadcrumbList","@id":"https:\/\/massage-castanet.fr\/?page_id=8#breadcrumb","itemListElement":[{"@type":"ListItem","position":1,"name":"Accueil","item":"https:\/\/massage-castanet.fr\/"},{"@type":"ListItem","position":2,"name":"\u00c0 propos"}]},{"@type":"WebSite","@id":"https:\/\/massage-castanet.fr\/#website","url":"https:\/\/massage-castanet.fr\/","name":"Massage \u00e0 castanet, R\u00e9flexologie et Naturopathe","description":"Massage bien \u00eatre et Naturopathie \u00e0 castanet et \u00e0 domicile - Lo\u00efc R\u00e9garel\u00e9","publisher":{"@id":"https:\/\/massage-castanet.fr\/#organization"},"potentialAction":[{"@type":"SearchAction","target":{"@type":"EntryPoint","urlTemplate":"https:\/\/massage-castanet.fr\/?s={search_term_string}"},"query-input":{"@type":"PropertyValueSpecification","valueRequired":true,"valueName":"search_term_string"}}],"inLanguage":"fr-FR"},{"@type":"Organization","@id":"https:\/\/massage-castanet.fr\/#organization","name":"Massage bien \u00eatre , R\u00e9flexologie et Naturopathe Lo\u00efc R\u00e9gar\u00e9","url":"https:\/\/massage-castanet.fr\/","logo":{"@type":"ImageObject","inLanguage":"fr-FR","@id":"https:\/\/massage-castanet.fr\/#\/schema\/logo\/image\/","url":"https:\/\/massage-castanet.fr\/wp-content\/uploads\/2024\/03\/DSC06782bf.jpg","contentUrl":"https:\/\/massage-castanet.fr\/wp-content\/uploads\/2024\/03\/DSC06782bf.jpg","width":526,"height":351,"caption":"Massage bien \u00eatre , R\u00e9flexologie et Naturopathe Lo\u00efc R\u00e9gar\u00e9"},"image":{"@id":"https:\/\/massage-castanet.fr\/#\/schema\/logo\/image\/"},"sameAs":["https:\/\/www.facebook.com\/naturopathe.castanet\/","https:\/\/x.com\/Naturopathe31","https:\/\/www.instagram.com\/massage_naturo_castanet\/?hl=fr"],"description":"Massage et Naturopathe \u00e0 Castanet : Vous avez besoin d'un moment pour vous ? Besoin de vous d\u00e9tendre ? Je vous propose des s\u00e9ances de massage bien-\u00eatre et de r\u00e9flexologie plantaire \u00e0 Castanet tolosan. J'utilise des m\u00e9thodes issus des massages ayurv\u00e9dique, massage californien, massage drainant et massage balinais. En tant que naturopathe, je vous re\u00e7ois en consultation \u00e0 mon cabinet ou je peux me d\u00e9placer dans le secteur de Ramonville, Lab\u00e8ge, Escalquens, Auzeville, P\u00e9chabou ,Pompertuza, Lacroix-Falgarde, Montgiscard, Bazi\u00e8ge et Toulouse. Pour votre bien-\u00eatre, j'\u00e9tablis un programme d'hygi\u00e8ne de vie personnalis\u00e9 et adapt\u00e9 \u00e0 vos besoins en utilisant des m\u00e9thodes naturelles.","email":"regare.naturo@gmail.com","telephone":"06 14 61 97 09","legalName":"Massage bien-\u00eatre et Naturopathe - Lo\u00efc R\u00e9gar\u00e9","foundingDate":"2017-07-01","taxID":"8116136450019","numberOfEmployees":{"@type":"QuantitativeValue","minValue":"1","maxValue":"10"}}]}},"_links":{"self":[{"href":"https:\/\/massage-castanet.fr\/index.php?rest_route=\/wp\/v2\/pages\/8","targetHints":{"allow":["GET"]}}],"collection":[{"href":"https:\/\/massage-castanet.fr\/index.php?rest_route=\/wp\/v2\/pages"}],"about":[{"href":"https:\/\/massage-castanet.fr\/index.php?rest_route=\/wp\/v2\/types\/page"}],"author":[{"embeddable":true,"href":"https:\/\/massage-castanet.fr\/index.php?rest_route=\/wp\/v2\/users\/1"}],"replies":[{"embeddable":true,"href":"https:\/\/massage-castanet.fr\/index.php?rest_route=%2Fwp%2Fv2%2Fcomments&post=8"}],"version-history":[{"count":56,"href":"https:\/\/massage-castanet.fr\/index.php?rest_route=\/wp\/v2\/pages\/8\/revisions"}],"predecessor-version":[{"id":590,"href":"https:\/\/massage-castanet.fr\/index.php?rest_route=\/wp\/v2\/pages\/8\/revisions\/590"}],"wp:attachment":[{"href":"https:\/\/massage-castanet.fr\/index.php?rest_route=%2Fwp%2Fv2%2Fmedia&parent=8"}],"curies":[{"name":"wp","href":"https:\/\/api.w.org\/{rel}","templated":true}]}}