{"id":346,"date":"2024-04-04T15:20:45","date_gmt":"2024-04-04T15:20:45","guid":{"rendered":"https:\/\/massage-castanet.fr\/?page_id=346"},"modified":"2024-04-10T15:20:59","modified_gmt":"2024-04-10T15:20:59","slug":"cartes-cadeaux","status":"publish","type":"page","link":"https:\/\/massage-castanet.fr\/?page_id=346","title":{"rendered":"Cartes cadeaux"},"content":{"rendered":"\t\t<div data-elementor-type=\"wp-page\" data-elementor-id=\"346\" class=\"elementor elementor-346\">\n\t\t\t\t<div class=\"elementor-element elementor-element-71d47d3 e-flex e-con-boxed e-con e-parent\" data-id=\"71d47d3\" data-element_type=\"container\">\n\t\t\t\t\t<div class=\"e-con-inner\">\n\t\t\t\t<div class=\"elementor-element elementor-element-b44125c elementor-widget elementor-widget-heading\" data-id=\"b44125c\" data-element_type=\"widget\" data-widget_type=\"heading.default\">\n\t\t\t\t<div class=\"elementor-widget-container\">\n\t\t\t\t\t<h2 class=\"elementor-heading-title elementor-size-default\">Offrez \u00e0 vos proche un instant de d\u00e9tente :<\/h2>\t\t\t\t<\/div>\n\t\t\t\t<\/div>\n\t\t\t\t\t<\/div>\n\t\t\t\t<\/div>\n\t\t<div class=\"elementor-element elementor-element-d20e735 e-flex e-con-boxed e-con e-parent\" data-id=\"d20e735\" data-element_type=\"container\">\n\t\t\t\t\t<div class=\"e-con-inner\">\n\t\t\t\t<div class=\"elementor-element elementor-element-9709fb3 elementor-widget elementor-widget-text-editor\" data-id=\"9709fb3\" data-element_type=\"widget\" data-widget_type=\"text-editor.default\">\n\t\t\t\t<div class=\"elementor-widget-container\">\n\t\t\t\t\t\t\t\t\t<div dir=\"auto\">Pas d&rsquo;id\u00e9e de <strong>cadeau<\/strong> pour vos proches ?<\/div><div dir=\"auto\">Et pourquoi pas leur offrir une<strong> s\u00e9ance de d\u00e9tente<\/strong> ?<\/div><div dir=\"auto\">Que ce soit pour<strong> no\u00ebl, un anniversaire, la f\u00eate des m\u00e8re<\/strong> ou encore la<strong> saint valentin<\/strong>.<\/div><div dir=\"auto\">Je vous propose des cartes cadeaux pour des s\u00e9ances de <a href=\"https:\/\/massage-castanet.fr\/?page_id=31\">massage<\/a> ou de <a href=\"https:\/\/massage-castanet.fr\/?page_id=29\">r\u00e9flexologie plantaire<\/a>.<\/div><div dir=\"auto\">\u00a0<\/div>\t\t\t\t\t\t\t\t<\/div>\n\t\t\t\t<\/div>\n\t\t\t\t\t<\/div>\n\t\t\t\t<\/div>\n\t\t<div class=\"elementor-element elementor-element-d144a5b e-flex e-con-boxed e-con e-parent\" data-id=\"d144a5b\" data-element_type=\"container\">\n\t\t\t\t\t<div class=\"e-con-inner\">\n\t\t\t\t<div class=\"elementor-element elementor-element-5363a69 elementor-widget elementor-widget-image\" data-id=\"5363a69\" data-element_type=\"widget\" data-widget_type=\"image.default\">\n\t\t\t\t<div class=\"elementor-widget-container\">\n\t\t\t\t\t\t\t\t\t\t\t\t\t\t\t<img fetchpriority=\"high\" decoding=\"async\" width=\"600\" height=\"400\" src=\"https:\/\/massage-castanet.fr\/wp-content\/uploads\/2024\/04\/depositphotos_7845479-stock-photo-giving-a-gift.webp\" class=\"attachment-large size-large wp-image-350\" alt=\"\" srcset=\"https:\/\/massage-castanet.fr\/wp-content\/uploads\/2024\/04\/depositphotos_7845479-stock-photo-giving-a-gift.webp 600w, https:\/\/massage-castanet.fr\/wp-content\/uploads\/2024\/04\/depositphotos_7845479-stock-photo-giving-a-gift-300x200.webp 300w\" sizes=\"(max-width: 600px) 100vw, 600px\" \/>\t\t\t\t\t\t\t\t\t\t\t\t\t\t\t<\/div>\n\t\t\t\t<\/div>\n\t\t\t\t\t<\/div>\n\t\t\t\t<\/div>\n\t\t<div class=\"elementor-element elementor-element-29199ca e-flex e-con-boxed e-con e-parent\" data-id=\"29199ca\" data-element_type=\"container\">\n\t\t\t\t\t<div class=\"e-con-inner\">\n\t\t\t\t<div class=\"elementor-element elementor-element-be1079a elementor-widget elementor-widget-heading\" data-id=\"be1079a\" data-element_type=\"widget\" data-widget_type=\"heading.default\">\n\t\t\t\t<div class=\"elementor-widget-container\">\n\t\t\t\t\t<h2 class=\"elementor-heading-title elementor-size-default\">Pour cela, je vous propose plusieurs solutions :<\/h2>\t\t\t\t<\/div>\n\t\t\t\t<\/div>\n\t\t\t\t\t<\/div>\n\t\t\t\t<\/div>\n\t\t<div class=\"elementor-element elementor-element-995e201 e-flex e-con-boxed e-con e-parent\" data-id=\"995e201\" data-element_type=\"container\">\n\t\t\t\t\t<div class=\"e-con-inner\">\n\t\t\t\t<div class=\"elementor-element elementor-element-a5898a0 elementor-widget elementor-widget-text-editor\" data-id=\"a5898a0\" data-element_type=\"widget\" data-widget_type=\"text-editor.default\">\n\t\t\t\t<div class=\"elementor-widget-container\">\n\t\t\t\t\t\t\t\t\t<ul><li>Des jolies <strong>cartes cadeaux<\/strong> \u00e0 venir chercher \u00e0 mon <strong>cabinet<\/strong>.<\/li><\/ul><p>Je peux \u00e9galement vous les <strong>envoyer par la poste<\/strong>, dans ce cas le paiement se fait: soit en ch\u00e8que (envoie par la poste \u00e9galement), par virement bancaire, ou par lien de paiement carte bleue (que je peux vous envoyer par SMS, ou mail)<\/p>\t\t\t\t\t\t\t\t<\/div>\n\t\t\t\t<\/div>\n\t\t\t\t\t<\/div>\n\t\t\t\t<\/div>\n\t\t<div class=\"elementor-element elementor-element-f143cea e-flex e-con-boxed e-con e-parent\" data-id=\"f143cea\" data-element_type=\"container\">\n\t\t\t\t\t<div class=\"e-con-inner\">\n\t\t<div class=\"elementor-element elementor-element-3e6498d e-con-full e-flex e-con e-child\" data-id=\"3e6498d\" data-element_type=\"container\">\n\t\t\t\t<div class=\"elementor-element elementor-element-7280509 elementor-widget elementor-widget-text-editor\" data-id=\"7280509\" data-element_type=\"widget\" data-widget_type=\"text-editor.default\">\n\t\t\t\t<div class=\"elementor-widget-container\">\n\t\t\t\t\t\t\t\t\t<ul><li>\u00a0Des <strong>cartes d\u00e9mat\u00e9rialis\u00e9s<\/strong> que <span class=\"x193iq5w xeuugli x13faqbe x1vvkbs x1xmvt09 x1lliihq x1s928wv xhkezso x1gmr53x x1cpjm7i x1fgarty x1943h6x xudqn12 x3x7a5m x6prxxf xvq8zen xo1l8bm xzsf02u x1yc453h\" dir=\"auto\">vous pouvez acheter et imprimer <strong>en ligne<\/strong> jusqu&rsquo;au <strong>dernier moment<\/strong>.<\/span><\/li><\/ul>\t\t\t\t\t\t\t\t<\/div>\n\t\t\t\t<\/div>\n\t\t\t\t<\/div>\n\t\t<div class=\"elementor-element elementor-element-7c0995b e-con-full e-flex e-con e-child\" data-id=\"7c0995b\" data-element_type=\"container\">\n\t\t\t\t<div class=\"elementor-element elementor-element-dfb7d82 elementor-align-justify elementor-widget-tablet__width-initial elementor-widget-mobile__width-initial elementor-widget__width-initial elementor-widget elementor-widget-button\" data-id=\"dfb7d82\" data-element_type=\"widget\" data-widget_type=\"button.default\">\n\t\t\t\t<div class=\"elementor-widget-container\">\n\t\t\t\t\t\t\t\t\t<div class=\"elementor-button-wrapper\">\n\t\t\t\t\t<a class=\"elementor-button elementor-button-link elementor-size-sm\" href=\"https:\/\/loic-regare-naturopathe.my-shoop.store\/\" target=\"_blank\">\n\t\t\t\t\t\t<span class=\"elementor-button-content-wrapper\">\n\t\t\t\t\t\t\t\t\t<span class=\"elementor-button-text\">Acheter une carte cadeau<\/span>\n\t\t\t\t\t<\/span>\n\t\t\t\t\t<\/a>\n\t\t\t\t<\/div>\n\t\t\t\t\t\t\t\t<\/div>\n\t\t\t\t<\/div>\n\t\t\t\t<\/div>\n\t\t\t\t\t<\/div>\n\t\t\t\t<\/div>\n\t\t<div class=\"elementor-element elementor-element-5da6536 e-flex e-con-boxed e-con e-parent\" data-id=\"5da6536\" data-element_type=\"container\">\n\t\t\t\t\t<div class=\"e-con-inner\">\n\t\t\t\t<div class=\"elementor-element elementor-element-70ad812 elementor-widget elementor-widget-image\" data-id=\"70ad812\" data-element_type=\"widget\" data-widget_type=\"image.default\">\n\t\t\t\t<div class=\"elementor-widget-container\">\n\t\t\t\t\t\t\t\t\t\t\t\t<figure class=\"wp-caption\">\n\t\t\t\t\t\t\t\t\t\t\t<a href=\"https:\/\/massage-castanet.fr\/?page_id=8\">\n\t\t\t\t\t\t\t<img decoding=\"async\" width=\"150\" height=\"150\" src=\"https:\/\/massage-castanet.fr\/wp-content\/uploads\/2024\/03\/DSC06906bf-150x150.jpg\" class=\"attachment-thumbnail size-thumbnail wp-image-96\" alt=\"\" srcset=\"https:\/\/massage-castanet.fr\/wp-content\/uploads\/2024\/03\/DSC06906bf-150x150.jpg 150w, https:\/\/massage-castanet.fr\/wp-content\/uploads\/2024\/03\/DSC06906bf-600x600.jpg 600w\" sizes=\"(max-width: 150px) 100vw, 150px\" \/>\t\t\t\t\t\t\t\t<\/a>\n\t\t\t\t\t\t\t\t\t\t\t<figcaption class=\"widget-image-caption wp-caption-text\">Qui suis-je ?<\/figcaption>\n\t\t\t\t\t\t\t\t\t\t<\/figure>\n\t\t\t\t\t\t\t\t\t<\/div>\n\t\t\t\t<\/div>\n\t\t\t\t\t<\/div>\n\t\t\t\t<\/div>\n\t\t<div class=\"elementor-element elementor-element-9c0f1ed e-flex e-con-boxed e-con e-parent\" data-id=\"9c0f1ed\" data-element_type=\"container\">\n\t\t\t\t\t<div class=\"e-con-inner\">\n\t\t\t\t<div class=\"elementor-element elementor-element-5c4ee54 elementor-widget elementor-widget-text-editor\" data-id=\"5c4ee54\" data-element_type=\"widget\" data-widget_type=\"text-editor.default\">\n\t\t\t\t<div class=\"elementor-widget-container\">\n\t\t\t\t\t\t\t\t\t<p><strong>Lo\u00efc R\u00e9gar\u00e9<\/strong><\/p><p><em>Naturopathe et Praticien en massage bien-\u00eatre<\/em><\/p><p>9 rue Auguste Renoir\u00a0<\/p><p>31320 Castanet tolosan<\/p><p>06-14-61-97-09<\/p>\t\t\t\t\t\t\t\t<\/div>\n\t\t\t\t<\/div>\n\t\t\t\t\t<\/div>\n\t\t\t\t<\/div>\n\t\t<div class=\"elementor-element elementor-element-32411cf e-flex e-con-boxed e-con e-parent\" data-id=\"32411cf\" data-element_type=\"container\">\n\t\t\t\t\t<div class=\"e-con-inner\">\n\t\t\t\t<div class=\"elementor-element elementor-element-8b5f0ff elementor-align-justify elementor-widget__width-initial elementor-widget-mobile__width-initial elementor-widget-tablet__width-initial elementor-widget elementor-widget-button\" data-id=\"8b5f0ff\" data-element_type=\"widget\" data-widget_type=\"button.default\">\n\t\t\t\t<div class=\"elementor-widget-container\">\n\t\t\t\t\t\t\t\t\t<div class=\"elementor-button-wrapper\">\n\t\t\t\t\t<a class=\"elementor-button elementor-button-link elementor-size-sm\" href=\"https:\/\/www.planity.com\/loic-regare-naturopathe-massage-bien-etre-31320-castanet-tolosan\" target=\"_blank\">\n\t\t\t\t\t\t<span class=\"elementor-button-content-wrapper\">\n\t\t\t\t\t\t\t\t\t<span class=\"elementor-button-text\">Prendre RDV<\/span>\n\t\t\t\t\t<\/span>\n\t\t\t\t\t<\/a>\n\t\t\t\t<\/div>\n\t\t\t\t\t\t\t\t<\/div>\n\t\t\t\t<\/div>\n\t\t\t\t\t<\/div>\n\t\t\t\t<\/div>\n\t\t\t\t<\/div>\n\t\t","protected":false},"excerpt":{"rendered":"<p>Offrez \u00e0 vos proche un instant de d\u00e9tente : Pas d&rsquo;id\u00e9e de cadeau pour vos proches ?Et pourquoi pas leur offrir une s\u00e9ance de d\u00e9tente ?Que ce soit pour no\u00ebl, un anniversaire, la f\u00eate des m\u00e8re ou encore la saint valentin.Je vous propose des cartes cadeaux pour des s\u00e9ances de massage ou de r\u00e9flexologie plantaire.\u00a0 [&hellip;]<\/p>\n","protected":false},"author":1,"featured_media":0,"parent":0,"menu_order":0,"comment_status":"closed","ping_status":"closed","template":"","meta":{"footnotes":""},"class_list":["post-346","page","type-page","status-publish","hentry","entry"],"yoast_head":"<!-- This site is optimized with the Yoast SEO Premium plugin v22.2 (Yoast SEO v26.2) - https:\/\/yoast.com\/wordpress\/plugins\/seo\/ -->\n<title>offrir un massage \u00e0 castanet<\/title>\n<meta name=\"description\" content=\"Offrir une s\u00e9ance de massage ou de r\u00e9flexologie plantaire.\" \/>\n<meta name=\"robots\" content=\"index, follow, max-snippet:-1, max-image-preview:large, max-video-preview:-1\" \/>\n<link rel=\"canonical\" href=\"https:\/\/massage-castanet.fr\/?page_id=346\" \/>\n<meta property=\"og:locale\" content=\"fr_FR\" \/>\n<meta property=\"og:type\" content=\"article\" \/>\n<meta property=\"og:title\" content=\"Cartes cadeaux\" \/>\n<meta property=\"og:description\" content=\"Offrir une s\u00e9ance de massage ou de r\u00e9flexologie plantaire.\" \/>\n<meta property=\"og:url\" content=\"https:\/\/massage-castanet.fr\/?page_id=346\" \/>\n<meta property=\"og:site_name\" content=\"Massage bien-\u00eatre, R\u00e9flexologie et Naturopathe \u00e0 castanet tolosan et \u00e0 domicile\" \/>\n<meta property=\"article:publisher\" content=\"https:\/\/www.facebook.com\/naturopathe.castanet\/\" \/>\n<meta property=\"article:modified_time\" content=\"2024-04-10T15:20:59+00:00\" \/>\n<meta property=\"og:image\" content=\"https:\/\/massage-castanet.fr\/wp-content\/uploads\/2024\/04\/depositphotos_7845479-stock-photo-giving-a-gift.webp\" \/>\n<meta name=\"twitter:card\" content=\"summary_large_image\" \/>\n<meta name=\"twitter:site\" content=\"@Naturopathe31\" \/>\n<meta name=\"twitter:label1\" content=\"Dur\u00e9e de lecture estim\u00e9e\" \/>\n\t<meta name=\"twitter:data1\" content=\"2 minutes\" \/>\n<script type=\"application\/ld+json\" class=\"yoast-schema-graph\">{\"@context\":\"https:\/\/schema.org\",\"@graph\":[{\"@type\":\"WebPage\",\"@id\":\"https:\/\/massage-castanet.fr\/?page_id=346\",\"url\":\"https:\/\/massage-castanet.fr\/?page_id=346\",\"name\":\"offrir un massage \u00e0 castanet\",\"isPartOf\":{\"@id\":\"https:\/\/massage-castanet.fr\/#website\"},\"primaryImageOfPage\":{\"@id\":\"https:\/\/massage-castanet.fr\/?page_id=346#primaryimage\"},\"image\":{\"@id\":\"https:\/\/massage-castanet.fr\/?page_id=346#primaryimage\"},\"thumbnailUrl\":\"https:\/\/massage-castanet.fr\/wp-content\/uploads\/2024\/04\/depositphotos_7845479-stock-photo-giving-a-gift.webp\",\"datePublished\":\"2024-04-04T15:20:45+00:00\",\"dateModified\":\"2024-04-10T15:20:59+00:00\",\"description\":\"Offrir une s\u00e9ance de massage ou de r\u00e9flexologie plantaire.\",\"breadcrumb\":{\"@id\":\"https:\/\/massage-castanet.fr\/?page_id=346#breadcrumb\"},\"inLanguage\":\"fr-FR\",\"potentialAction\":[{\"@type\":\"ReadAction\",\"target\":[\"https:\/\/massage-castanet.fr\/?page_id=346\"]}]},{\"@type\":\"ImageObject\",\"inLanguage\":\"fr-FR\",\"@id\":\"https:\/\/massage-castanet.fr\/?page_id=346#primaryimage\",\"url\":\"https:\/\/massage-castanet.fr\/wp-content\/uploads\/2024\/04\/depositphotos_7845479-stock-photo-giving-a-gift.webp\",\"contentUrl\":\"https:\/\/massage-castanet.fr\/wp-content\/uploads\/2024\/04\/depositphotos_7845479-stock-photo-giving-a-gift.webp\",\"width\":600,\"height\":400},{\"@type\":\"BreadcrumbList\",\"@id\":\"https:\/\/massage-castanet.fr\/?page_id=346#breadcrumb\",\"itemListElement\":[{\"@type\":\"ListItem\",\"position\":1,\"name\":\"Accueil\",\"item\":\"https:\/\/massage-castanet.fr\/\"},{\"@type\":\"ListItem\",\"position\":2,\"name\":\"Cartes cadeaux\"}]},{\"@type\":\"WebSite\",\"@id\":\"https:\/\/massage-castanet.fr\/#website\",\"url\":\"https:\/\/massage-castanet.fr\/\",\"name\":\"Massage \u00e0 castanet, R\u00e9flexologie et Naturopathe\",\"description\":\"Massage bien \u00eatre et Naturopathie \u00e0 castanet et \u00e0 domicile - Lo\u00efc R\u00e9garel\u00e9\",\"publisher\":{\"@id\":\"https:\/\/massage-castanet.fr\/#organization\"},\"potentialAction\":[{\"@type\":\"SearchAction\",\"target\":{\"@type\":\"EntryPoint\",\"urlTemplate\":\"https:\/\/massage-castanet.fr\/?s={search_term_string}\"},\"query-input\":{\"@type\":\"PropertyValueSpecification\",\"valueRequired\":true,\"valueName\":\"search_term_string\"}}],\"inLanguage\":\"fr-FR\"},{\"@type\":\"Organization\",\"@id\":\"https:\/\/massage-castanet.fr\/#organization\",\"name\":\"Massage bien \u00eatre , R\u00e9flexologie et Naturopathe Lo\u00efc R\u00e9gar\u00e9\",\"url\":\"https:\/\/massage-castanet.fr\/\",\"logo\":{\"@type\":\"ImageObject\",\"inLanguage\":\"fr-FR\",\"@id\":\"https:\/\/massage-castanet.fr\/#\/schema\/logo\/image\/\",\"url\":\"https:\/\/massage-castanet.fr\/wp-content\/uploads\/2024\/03\/DSC06782bf.jpg\",\"contentUrl\":\"https:\/\/massage-castanet.fr\/wp-content\/uploads\/2024\/03\/DSC06782bf.jpg\",\"width\":526,\"height\":351,\"caption\":\"Massage bien \u00eatre , R\u00e9flexologie et Naturopathe Lo\u00efc R\u00e9gar\u00e9\"},\"image\":{\"@id\":\"https:\/\/massage-castanet.fr\/#\/schema\/logo\/image\/\"},\"sameAs\":[\"https:\/\/www.facebook.com\/naturopathe.castanet\/\",\"https:\/\/x.com\/Naturopathe31\",\"https:\/\/www.instagram.com\/massage_naturo_castanet\/?hl=fr\"],\"description\":\"Massage et Naturopathe \u00e0 Castanet : Vous avez besoin d'un moment pour vous ? Besoin de vous d\u00e9tendre ? Je vous propose des s\u00e9ances de massage bien-\u00eatre et de r\u00e9flexologie plantaire \u00e0 Castanet tolosan. J'utilise des m\u00e9thodes issus des massages ayurv\u00e9dique, massage californien, massage drainant et massage balinais. En tant que naturopathe, je vous re\u00e7ois en consultation \u00e0 mon cabinet ou je peux me d\u00e9placer dans le secteur de Ramonville, Lab\u00e8ge, Escalquens, Auzeville, P\u00e9chabou ,Pompertuza, Lacroix-Falgarde, Montgiscard, Bazi\u00e8ge et Toulouse. Pour votre bien-\u00eatre, j'\u00e9tablis un programme d'hygi\u00e8ne de vie personnalis\u00e9 et adapt\u00e9 \u00e0 vos besoins en utilisant des m\u00e9thodes naturelles.\",\"email\":\"regare.naturo@gmail.com\",\"telephone\":\"06 14 61 97 09\",\"legalName\":\"Massage bien-\u00eatre et Naturopathe - Lo\u00efc R\u00e9gar\u00e9\",\"foundingDate\":\"2017-07-01\",\"taxID\":\"8116136450019\",\"numberOfEmployees\":{\"@type\":\"QuantitativeValue\",\"minValue\":\"1\",\"maxValue\":\"10\"}}]}<\/script>\n<!-- \/ Yoast SEO Premium plugin. -->","yoast_head_json":{"title":"offrir un massage \u00e0 castanet","description":"Offrir une s\u00e9ance de massage ou de r\u00e9flexologie plantaire.","robots":{"index":"index","follow":"follow","max-snippet":"max-snippet:-1","max-image-preview":"max-image-preview:large","max-video-preview":"max-video-preview:-1"},"canonical":"https:\/\/massage-castanet.fr\/?page_id=346","og_locale":"fr_FR","og_type":"article","og_title":"Cartes cadeaux","og_description":"Offrir une s\u00e9ance de massage ou de r\u00e9flexologie plantaire.","og_url":"https:\/\/massage-castanet.fr\/?page_id=346","og_site_name":"Massage bien-\u00eatre, R\u00e9flexologie et Naturopathe \u00e0 castanet tolosan et \u00e0 domicile","article_publisher":"https:\/\/www.facebook.com\/naturopathe.castanet\/","article_modified_time":"2024-04-10T15:20:59+00:00","og_image":[{"url":"https:\/\/massage-castanet.fr\/wp-content\/uploads\/2024\/04\/depositphotos_7845479-stock-photo-giving-a-gift.webp","type":"","width":"","height":""}],"twitter_card":"summary_large_image","twitter_site":"@Naturopathe31","twitter_misc":{"Dur\u00e9e de lecture estim\u00e9e":"2 minutes"},"schema":{"@context":"https:\/\/schema.org","@graph":[{"@type":"WebPage","@id":"https:\/\/massage-castanet.fr\/?page_id=346","url":"https:\/\/massage-castanet.fr\/?page_id=346","name":"offrir un massage \u00e0 castanet","isPartOf":{"@id":"https:\/\/massage-castanet.fr\/#website"},"primaryImageOfPage":{"@id":"https:\/\/massage-castanet.fr\/?page_id=346#primaryimage"},"image":{"@id":"https:\/\/massage-castanet.fr\/?page_id=346#primaryimage"},"thumbnailUrl":"https:\/\/massage-castanet.fr\/wp-content\/uploads\/2024\/04\/depositphotos_7845479-stock-photo-giving-a-gift.webp","datePublished":"2024-04-04T15:20:45+00:00","dateModified":"2024-04-10T15:20:59+00:00","description":"Offrir une s\u00e9ance de massage ou de r\u00e9flexologie plantaire.","breadcrumb":{"@id":"https:\/\/massage-castanet.fr\/?page_id=346#breadcrumb"},"inLanguage":"fr-FR","potentialAction":[{"@type":"ReadAction","target":["https:\/\/massage-castanet.fr\/?page_id=346"]}]},{"@type":"ImageObject","inLanguage":"fr-FR","@id":"https:\/\/massage-castanet.fr\/?page_id=346#primaryimage","url":"https:\/\/massage-castanet.fr\/wp-content\/uploads\/2024\/04\/depositphotos_7845479-stock-photo-giving-a-gift.webp","contentUrl":"https:\/\/massage-castanet.fr\/wp-content\/uploads\/2024\/04\/depositphotos_7845479-stock-photo-giving-a-gift.webp","width":600,"height":400},{"@type":"BreadcrumbList","@id":"https:\/\/massage-castanet.fr\/?page_id=346#breadcrumb","itemListElement":[{"@type":"ListItem","position":1,"name":"Accueil","item":"https:\/\/massage-castanet.fr\/"},{"@type":"ListItem","position":2,"name":"Cartes cadeaux"}]},{"@type":"WebSite","@id":"https:\/\/massage-castanet.fr\/#website","url":"https:\/\/massage-castanet.fr\/","name":"Massage \u00e0 castanet, R\u00e9flexologie et Naturopathe","description":"Massage bien \u00eatre et Naturopathie \u00e0 castanet et \u00e0 domicile - Lo\u00efc R\u00e9garel\u00e9","publisher":{"@id":"https:\/\/massage-castanet.fr\/#organization"},"potentialAction":[{"@type":"SearchAction","target":{"@type":"EntryPoint","urlTemplate":"https:\/\/massage-castanet.fr\/?s={search_term_string}"},"query-input":{"@type":"PropertyValueSpecification","valueRequired":true,"valueName":"search_term_string"}}],"inLanguage":"fr-FR"},{"@type":"Organization","@id":"https:\/\/massage-castanet.fr\/#organization","name":"Massage bien \u00eatre , R\u00e9flexologie et Naturopathe Lo\u00efc R\u00e9gar\u00e9","url":"https:\/\/massage-castanet.fr\/","logo":{"@type":"ImageObject","inLanguage":"fr-FR","@id":"https:\/\/massage-castanet.fr\/#\/schema\/logo\/image\/","url":"https:\/\/massage-castanet.fr\/wp-content\/uploads\/2024\/03\/DSC06782bf.jpg","contentUrl":"https:\/\/massage-castanet.fr\/wp-content\/uploads\/2024\/03\/DSC06782bf.jpg","width":526,"height":351,"caption":"Massage bien \u00eatre , R\u00e9flexologie et Naturopathe Lo\u00efc R\u00e9gar\u00e9"},"image":{"@id":"https:\/\/massage-castanet.fr\/#\/schema\/logo\/image\/"},"sameAs":["https:\/\/www.facebook.com\/naturopathe.castanet\/","https:\/\/x.com\/Naturopathe31","https:\/\/www.instagram.com\/massage_naturo_castanet\/?hl=fr"],"description":"Massage et Naturopathe \u00e0 Castanet : Vous avez besoin d'un moment pour vous ? Besoin de vous d\u00e9tendre ? Je vous propose des s\u00e9ances de massage bien-\u00eatre et de r\u00e9flexologie plantaire \u00e0 Castanet tolosan. J'utilise des m\u00e9thodes issus des massages ayurv\u00e9dique, massage californien, massage drainant et massage balinais. En tant que naturopathe, je vous re\u00e7ois en consultation \u00e0 mon cabinet ou je peux me d\u00e9placer dans le secteur de Ramonville, Lab\u00e8ge, Escalquens, Auzeville, P\u00e9chabou ,Pompertuza, Lacroix-Falgarde, Montgiscard, Bazi\u00e8ge et Toulouse. Pour votre bien-\u00eatre, j'\u00e9tablis un programme d'hygi\u00e8ne de vie personnalis\u00e9 et adapt\u00e9 \u00e0 vos besoins en utilisant des m\u00e9thodes naturelles.","email":"regare.naturo@gmail.com","telephone":"06 14 61 97 09","legalName":"Massage bien-\u00eatre et Naturopathe - Lo\u00efc R\u00e9gar\u00e9","foundingDate":"2017-07-01","taxID":"8116136450019","numberOfEmployees":{"@type":"QuantitativeValue","minValue":"1","maxValue":"10"}}]}},"_links":{"self":[{"href":"https:\/\/massage-castanet.fr\/index.php?rest_route=\/wp\/v2\/pages\/346","targetHints":{"allow":["GET"]}}],"collection":[{"href":"https:\/\/massage-castanet.fr\/index.php?rest_route=\/wp\/v2\/pages"}],"about":[{"href":"https:\/\/massage-castanet.fr\/index.php?rest_route=\/wp\/v2\/types\/page"}],"author":[{"embeddable":true,"href":"https:\/\/massage-castanet.fr\/index.php?rest_route=\/wp\/v2\/users\/1"}],"replies":[{"embeddable":true,"href":"https:\/\/massage-castanet.fr\/index.php?rest_route=%2Fwp%2Fv2%2Fcomments&post=346"}],"version-history":[{"count":10,"href":"https:\/\/massage-castanet.fr\/index.php?rest_route=\/wp\/v2\/pages\/346\/revisions"}],"predecessor-version":[{"id":594,"href":"https:\/\/massage-castanet.fr\/index.php?rest_route=\/wp\/v2\/pages\/346\/revisions\/594"}],"wp:attachment":[{"href":"https:\/\/massage-castanet.fr\/index.php?rest_route=%2Fwp%2Fv2%2Fmedia&parent=346"}],"curies":[{"name":"wp","href":"https:\/\/api.w.org\/{rel}","templated":true}]}}