{"id":10,"date":"2024-03-28T13:56:34","date_gmt":"2024-03-28T13:56:34","guid":{"rendered":"https:\/\/massage-castanet.fr\/?page_id=10"},"modified":"2024-04-03T13:36:12","modified_gmt":"2024-04-03T13:36:12","slug":"contact","status":"publish","type":"page","link":"https:\/\/massage-castanet.fr\/?page_id=10","title":{"rendered":"Contact"},"content":{"rendered":"\t\t<div data-elementor-type=\"wp-page\" data-elementor-id=\"10\" class=\"elementor elementor-10\">\n\t\t\t\t<div class=\"elementor-element elementor-element-2eee3e8 e-con-full e-flex e-con e-parent\" data-id=\"2eee3e8\" data-element_type=\"container\">\n\t\t<div class=\"elementor-element elementor-element-594ad91 e-con-full e-flex e-con e-child\" data-id=\"594ad91\" data-element_type=\"container\">\n\t\t\t\t<div class=\"elementor-element elementor-element-72b1061 elementor-align-justify elementor-widget__width-initial elementor-widget-mobile__width-initial elementor-widget-tablet__width-initial elementor-widget elementor-widget-button\" data-id=\"72b1061\" data-element_type=\"widget\" data-widget_type=\"button.default\">\n\t\t\t\t<div class=\"elementor-widget-container\">\n\t\t\t\t\t\t\t\t\t<div class=\"elementor-button-wrapper\">\n\t\t\t\t\t<a class=\"elementor-button elementor-button-link elementor-size-sm\" href=\"https:\/\/www.planity.com\/loic-regare-naturopathe-massage-bien-etre-31320-castanet-tolosan\" target=\"_blank\">\n\t\t\t\t\t\t<span class=\"elementor-button-content-wrapper\">\n\t\t\t\t\t\t\t\t\t<span class=\"elementor-button-text\">Prendre RDV<\/span>\n\t\t\t\t\t<\/span>\n\t\t\t\t\t<\/a>\n\t\t\t\t<\/div>\n\t\t\t\t\t\t\t\t<\/div>\n\t\t\t\t<\/div>\n\t\t\t\t<\/div>\n\t\t<div class=\"elementor-element elementor-element-ab45a13 e-con-full e-flex e-con e-child\" data-id=\"ab45a13\" data-element_type=\"container\">\n\t\t\t\t<div class=\"elementor-element elementor-element-62ad5d3 elementor-align-justify elementor-widget-tablet__width-initial elementor-widget-mobile__width-initial elementor-widget elementor-widget-button\" data-id=\"62ad5d3\" data-element_type=\"widget\" data-widget_type=\"button.default\">\n\t\t\t\t<div class=\"elementor-widget-container\">\n\t\t\t\t\t\t\t\t\t<div class=\"elementor-button-wrapper\">\n\t\t\t\t\t<a class=\"elementor-button elementor-button-link elementor-size-sm\" href=\"https:\/\/loic-regare-naturopathe.my-shoop.store\/\" target=\"_blank\">\n\t\t\t\t\t\t<span class=\"elementor-button-content-wrapper\">\n\t\t\t\t\t\t\t\t\t<span class=\"elementor-button-text\">Bon cadeau<\/span>\n\t\t\t\t\t<\/span>\n\t\t\t\t\t<\/a>\n\t\t\t\t<\/div>\n\t\t\t\t\t\t\t\t<\/div>\n\t\t\t\t<\/div>\n\t\t\t\t<\/div>\n\t\t\t\t<\/div>\n\t\t<div class=\"elementor-element elementor-element-f03dd1e e-con-full e-flex e-con e-parent\" data-id=\"f03dd1e\" data-element_type=\"container\">\n\t\t<div class=\"elementor-element elementor-element-8ef4267 e-con-full e-flex e-con e-child\" data-id=\"8ef4267\" data-element_type=\"container\">\n\t\t\t\t<div class=\"elementor-element elementor-element-d2709ef elementor-view-default elementor-position-top elementor-mobile-position-top elementor-widget elementor-widget-icon-box\" data-id=\"d2709ef\" data-element_type=\"widget\" data-widget_type=\"icon-box.default\">\n\t\t\t\t<div class=\"elementor-widget-container\">\n\t\t\t\t\t\t\t<div class=\"elementor-icon-box-wrapper\">\n\n\t\t\t\t\t\t<div class=\"elementor-icon-box-icon\">\n\t\t\t\t<span  class=\"elementor-icon\">\n\t\t\t\t<svg aria-hidden=\"true\" class=\"e-font-icon-svg e-fas-envelope\" viewBox=\"0 0 512 512\" xmlns=\"http:\/\/www.w3.org\/2000\/svg\"><path d=\"M502.3 190.8c3.9-3.1 9.7-.2 9.7 4.7V400c0 26.5-21.5 48-48 48H48c-26.5 0-48-21.5-48-48V195.6c0-5 5.7-7.8 9.7-4.7 22.4 17.4 52.1 39.5 154.1 113.6 21.1 15.4 56.7 47.8 92.2 47.6 35.7.3 72-32.8 92.3-47.6 102-74.1 131.6-96.3 154-113.7zM256 320c23.2.4 56.6-29.2 73.4-41.4 132.7-96.3 142.8-104.7 173.4-128.7 5.8-4.5 9.2-11.5 9.2-18.9v-19c0-26.5-21.5-48-48-48H48C21.5 64 0 85.5 0 112v19c0 7.4 3.4 14.3 9.2 18.9 30.6 23.9 40.7 32.4 173.4 128.7 16.8 12.2 50.2 41.8 73.4 41.4z\"><\/path><\/svg>\t\t\t\t<\/span>\n\t\t\t<\/div>\n\t\t\t\n\t\t\t\t\t\t<div class=\"elementor-icon-box-content\">\n\n\t\t\t\t\t\t\t\t\t<h3 class=\"elementor-icon-box-title\">\n\t\t\t\t\t\t<span  >\n\t\t\t\t\t\t\tregare.naturo@gmail.com\t\t\t\t\t\t<\/span>\n\t\t\t\t\t<\/h3>\n\t\t\t\t\n\t\t\t\t\n\t\t\t<\/div>\n\t\t\t\n\t\t<\/div>\n\t\t\t\t\t\t<\/div>\n\t\t\t\t<\/div>\n\t\t\t\t<div class=\"elementor-element elementor-element-c8d660a elementor-view-default elementor-position-top elementor-mobile-position-top elementor-widget elementor-widget-icon-box\" data-id=\"c8d660a\" data-element_type=\"widget\" data-widget_type=\"icon-box.default\">\n\t\t\t\t<div class=\"elementor-widget-container\">\n\t\t\t\t\t\t\t<div class=\"elementor-icon-box-wrapper\">\n\n\t\t\t\t\t\t<div class=\"elementor-icon-box-icon\">\n\t\t\t\t<span  class=\"elementor-icon\">\n\t\t\t\t<svg aria-hidden=\"true\" class=\"e-font-icon-svg e-fas-phone-alt\" viewBox=\"0 0 512 512\" xmlns=\"http:\/\/www.w3.org\/2000\/svg\"><path d=\"M497.39 361.8l-112-48a24 24 0 0 0-28 6.9l-49.6 60.6A370.66 370.66 0 0 1 130.6 204.11l60.6-49.6a23.94 23.94 0 0 0 6.9-28l-48-112A24.16 24.16 0 0 0 122.6.61l-104 24A24 24 0 0 0 0 48c0 256.5 207.9 464 464 464a24 24 0 0 0 23.4-18.6l24-104a24.29 24.29 0 0 0-14.01-27.6z\"><\/path><\/svg>\t\t\t\t<\/span>\n\t\t\t<\/div>\n\t\t\t\n\t\t\t\t\t\t<div class=\"elementor-icon-box-content\">\n\n\t\t\t\t\t\t\t\t\t<h3 class=\"elementor-icon-box-title\">\n\t\t\t\t\t\t<span  >\n\t\t\t\t\t\t\t06 14 61 97 09\t\t\t\t\t\t<\/span>\n\t\t\t\t\t<\/h3>\n\t\t\t\t\n\t\t\t\t\n\t\t\t<\/div>\n\t\t\t\n\t\t<\/div>\n\t\t\t\t\t\t<\/div>\n\t\t\t\t<\/div>\n\t\t\t\t<div class=\"elementor-element elementor-element-d7f828c elementor-view-default elementor-position-top elementor-mobile-position-top elementor-widget elementor-widget-icon-box\" data-id=\"d7f828c\" data-element_type=\"widget\" data-widget_type=\"icon-box.default\">\n\t\t\t\t<div class=\"elementor-widget-container\">\n\t\t\t\t\t\t\t<div class=\"elementor-icon-box-wrapper\">\n\n\t\t\t\t\t\t<div class=\"elementor-icon-box-icon\">\n\t\t\t\t<span  class=\"elementor-icon\">\n\t\t\t\t<svg aria-hidden=\"true\" class=\"e-font-icon-svg e-fas-map-marked-alt\" viewBox=\"0 0 576 512\" xmlns=\"http:\/\/www.w3.org\/2000\/svg\"><path d=\"M288 0c-69.59 0-126 56.41-126 126 0 56.26 82.35 158.8 113.9 196.02 6.39 7.54 17.82 7.54 24.2 0C331.65 284.8 414 182.26 414 126 414 56.41 357.59 0 288 0zm0 168c-23.2 0-42-18.8-42-42s18.8-42 42-42 42 18.8 42 42-18.8 42-42 42zM20.12 215.95A32.006 32.006 0 0 0 0 245.66v250.32c0 11.32 11.43 19.06 21.94 14.86L160 448V214.92c-8.84-15.98-16.07-31.54-21.25-46.42L20.12 215.95zM288 359.67c-14.07 0-27.38-6.18-36.51-16.96-19.66-23.2-40.57-49.62-59.49-76.72v182l192 64V266c-18.92 27.09-39.82 53.52-59.49 76.72-9.13 10.77-22.44 16.95-36.51 16.95zm266.06-198.51L416 224v288l139.88-55.95A31.996 31.996 0 0 0 576 426.34V176.02c0-11.32-11.43-19.06-21.94-14.86z\"><\/path><\/svg>\t\t\t\t<\/span>\n\t\t\t<\/div>\n\t\t\t\n\t\t\t\t\t\t<div class=\"elementor-icon-box-content\">\n\n\t\t\t\t\t\t\t\t\t<h3 class=\"elementor-icon-box-title\">\n\t\t\t\t\t\t<span  >\n\t\t\t\t\t\t\t9 rue Auguste Renoir \/ 31320 Castanet tolosan\t\t\t\t\t\t<\/span>\n\t\t\t\t\t<\/h3>\n\t\t\t\t\n\t\t\t\t\n\t\t\t<\/div>\n\t\t\t\n\t\t<\/div>\n\t\t\t\t\t\t<\/div>\n\t\t\t\t<\/div>\n\t\t\t\t<div class=\"elementor-element elementor-element-4ac69a7 elementor-widget elementor-widget-text-editor\" data-id=\"4ac69a7\" data-element_type=\"widget\" data-widget_type=\"text-editor.default\">\n\t\t\t\t<div class=\"elementor-widget-container\">\n\t\t\t\t\t\t\t\t\t<div id=\"comp-kzidi2zn\" class=\"c9GqVL QxJLC3 comp-kzidi2zn wixui-rich-text\" data-testid=\"richTextElement\"><p class=\"font_8 wixui-rich-text__text\"><span class=\"wixui-rich-text__text\"><span class=\"color_30 wixui-rich-text__text\">Pour plus d&rsquo;informations, vous pouvez me contacter, n&rsquo;h\u00e9sitez pas \u00e0 m\u2019appeler ou m&rsquo;envoyer un SMS.<\/span><\/span><\/p><\/div><div id=\"WRchTxt6\" class=\"SxM0TO QxJLC3 WRchTxt6 wixui-rich-text\" data-testid=\"richTextElement\"><p class=\"font_8 wixui-rich-text__text\"><span style=\"text-decoration: underline;\"><span class=\"wixui-rich-text__text\"><span class=\"color_30 wixui-rich-text__text\">Stationnement facile juste \u00e0 c\u00f4t\u00e9 du cabinet.<\/span><\/span><\/span><\/p><\/div>\t\t\t\t\t\t\t\t<\/div>\n\t\t\t\t<\/div>\n\t\t\t\t<\/div>\n\t\t<div class=\"elementor-element elementor-element-d0e0c5e e-con-full e-flex e-con e-child\" data-id=\"d0e0c5e\" data-element_type=\"container\">\n\t\t\t\t<div class=\"elementor-element elementor-element-1933eb4 elementor-widget-tablet__width-initial elementor-widget elementor-widget-heading\" data-id=\"1933eb4\" data-element_type=\"widget\" data-widget_type=\"heading.default\">\n\t\t\t\t<div class=\"elementor-widget-container\">\n\t\t\t\t\t<h2 class=\"elementor-heading-title elementor-size-default\">Me contacter<\/h2>\t\t\t\t<\/div>\n\t\t\t\t<\/div>\n\t\t\t\t<div class=\"elementor-element elementor-element-ca30600 elementor-widget elementor-widget-formidable\" data-id=\"ca30600\" data-element_type=\"widget\" data-widget_type=\"formidable.default\">\n\t\t\t\t<div class=\"elementor-widget-container\">\n\t\t\t\t\t<div class=\"frm_forms  with_frm_style frm_style_style-formidable\" id=\"frm_form_2_container\" data-token=\"ead1f771d24d7691d1adb6459a4e7c7a\">\n<form enctype=\"multipart\/form-data\" method=\"post\" class=\"frm-show-form \" id=\"form_8t5a0\" data-token=\"ead1f771d24d7691d1adb6459a4e7c7a\">\n<div class=\"frm_form_fields \">\n<fieldset>\n<legend class=\"frm_screen_reader\"><\/legend>\r\n\r\n<div class=\"frm_fields_container\">\n<input type=\"hidden\" name=\"frm_action\" value=\"create\" \/>\n<input type=\"hidden\" name=\"form_id\" value=\"2\" \/>\n<input type=\"hidden\" name=\"frm_hide_fields_2\" id=\"frm_hide_fields_2\" value=\"\" \/>\n<input type=\"hidden\" name=\"form_key\" value=\"8t5a0\" \/>\n<input type=\"hidden\" name=\"item_meta[0]\" value=\"\" \/>\n<input type=\"hidden\" id=\"frm_submit_entry_2\" name=\"frm_submit_entry_2\" value=\"3b982c8d95\" \/><input type=\"hidden\" name=\"_wp_http_referer\" value=\"\/index.php?rest_route=%2Fwp%2Fv2%2Fpages%2F10\" \/><div id=\"frm_field_6_container\" class=\"frm_form_field form-field  frm_top_container frm6 frm_first\">\r\n    <label for=\"field_jsdqo\" id=\"field_jsdqo_label\" class=\"frm_primary_label\">Pr\u00e9nom\r\n        <span class=\"frm_required\" aria-hidden=\"true\"><\/span>\r\n    <\/label>\r\n    <input type=\"text\" id=\"field_jsdqo\" name=\"item_meta[6]\" value=\"\"  placeholder=\"Pr\u00e9nom\" data-invmsg=\"Pr\u00e9nom est non valide\" aria-invalid=\"false\"  \/>\r\n    \r\n    \r\n<\/div>\n<div id=\"frm_field_7_container\" class=\"frm_form_field form-field  frm_top_container frm6\">\r\n    <label for=\"field_prceg\" id=\"field_prceg_label\" class=\"frm_primary_label\">Nom\r\n        <span class=\"frm_required\" aria-hidden=\"true\"><\/span>\r\n    <\/label>\r\n    <input type=\"text\" id=\"field_prceg\" name=\"item_meta[7]\" value=\"\"  placeholder=\"Nom\" data-invmsg=\"Nom est non valide\" aria-invalid=\"false\"  \/>\r\n    \r\n    \r\n<\/div>\n<div id=\"frm_field_9_container\" class=\"frm_form_field form-field  frm_top_container frm12 frm_first\">\r\n    <label for=\"field_rjkh3\" id=\"field_rjkh3_label\" class=\"frm_primary_label\">T\u00e9l\u00e9phone\r\n        <span class=\"frm_required\" aria-hidden=\"true\"><\/span>\r\n    <\/label>\r\n    <input type=\"tel\" id=\"field_rjkh3\" name=\"item_meta[9]\" value=\"\"  placeholder=\"xx-xx-xx-xx-xx\" data-invmsg=\"T\u00e9l\u00e9phone est non valide\" aria-invalid=\"false\" pattern=\"((\\+\\d{1,3}(-|.| )?\\(?\\d\\)?(-| |.)?\\d{1,5})|(\\(?\\d{2,6}\\)?))(-|.| )?(\\d{3,4})(-|.| )?(\\d{4})(( x| ext)\\d{1,5}){0,1}$\"  \/>\r\n    \r\n    \r\n<\/div>\n<div id=\"frm_field_8_container\" class=\"frm_form_field form-field  frm_top_container frm12 frm_first\">\r\n    <label for=\"field_4vxqb\" id=\"field_4vxqb_label\" class=\"frm_primary_label\">Email\r\n        <span class=\"frm_required\" aria-hidden=\"true\"><\/span>\r\n    <\/label>\r\n    <input type=\"email\" id=\"field_4vxqb\" name=\"item_meta[8]\" value=\"\"  placeholder=\"email\" data-invmsg=\"Email est non valide\" aria-invalid=\"false\"  \/>\r\n    \r\n    \r\n<\/div>\n<div id=\"frm_field_10_container\" class=\"frm_form_field form-field  frm_top_container\">\r\n    <label for=\"field_l9fp1\" id=\"field_l9fp1_label\" class=\"frm_primary_label\">Paragraphe\r\n        <span class=\"frm_required\" aria-hidden=\"true\"><\/span>\r\n    <\/label>\r\n    <textarea name=\"item_meta[10]\" id=\"field_l9fp1\" rows=\"5\"  data-invmsg=\"Paragraphe est non valide\" aria-invalid=\"false\"  ><\/textarea>\r\n    \r\n    \r\n<\/div>\n\t<input type=\"hidden\" name=\"item_key\" value=\"\" \/>\n\t\t\t<div id=\"frm_field_11_container\">\n\t\t\t<label for=\"field_67i4e\" >\n\t\t\t\tSi vous \u00eates un humain, ne remplissez pas ce champ.\t\t\t<\/label>\n\t\t\t<input  id=\"field_67i4e\" type=\"text\" class=\"frm_form_field form-field frm_verify\" name=\"item_meta[11]\" value=\"\"  \/>\n\t\t<\/div>\n\t\t<input name=\"frm_state\" type=\"hidden\" value=\"wZOW6BPSWyAj6zWYssPP0DNxekZOyWeJ9kM\/250AUp0=\" \/><div class=\"frm_submit frm_flex\">\r\n<button class=\"frm_button_submit\" type=\"submit\"  >Envoyer<\/button>\r\n\r\n\r\n\r\n<\/div><\/div>\n<\/fieldset>\n<\/div>\n\n<\/form>\n<\/div>\n\t\t\t\t<\/div>\n\t\t\t\t<\/div>\n\t\t\t\t<\/div>\n\t\t\t\t<\/div>\n\t\t<div class=\"elementor-element elementor-element-42069ab e-con-full e-flex e-con e-parent\" data-id=\"42069ab\" data-element_type=\"container\">\n\t\t\t\t<div class=\"elementor-element elementor-element-238fa60 elementor-widget elementor-widget-google_maps\" data-id=\"238fa60\" data-element_type=\"widget\" data-widget_type=\"google_maps.default\">\n\t\t\t\t<div class=\"elementor-widget-container\">\n\t\t\t\t\t\t\t<div class=\"elementor-custom-embed\">\n\t\t\t<iframe loading=\"lazy\"\n\t\t\t\t\tsrc=\"https:\/\/maps.google.com\/maps?q=Lo%C3%AFc%20R%C3%A9gar%C3%A9&#038;t=m&#038;z=17&#038;output=embed&#038;iwloc=near\"\n\t\t\t\t\ttitle=\"Lo\u00efc R\u00e9gar\u00e9\"\n\t\t\t\t\taria-label=\"Lo\u00efc R\u00e9gar\u00e9\"\n\t\t\t><\/iframe>\n\t\t<\/div>\n\t\t\t\t\t\t<\/div>\n\t\t\t\t<\/div>\n\t\t\t\t<\/div>\n\t\t\t\t<\/div>\n\t\t","protected":false},"excerpt":{"rendered":"<p>Prendre RDV Bon cadeau regare.naturo@gmail.com 06 14 61 97 09 9 rue Auguste Renoir \/ 31320 Castanet tolosan Pour plus d&rsquo;informations, vous pouvez me contacter, n&rsquo;h\u00e9sitez pas \u00e0 m\u2019appeler ou m&rsquo;envoyer un SMS. Stationnement facile juste \u00e0 c\u00f4t\u00e9 du cabinet. Me contacter Pr\u00e9nom Nom T\u00e9l\u00e9phone Email Paragraphe Si vous \u00eates un humain, ne remplissez pas [&hellip;]<\/p>\n","protected":false},"author":1,"featured_media":0,"parent":0,"menu_order":0,"comment_status":"closed","ping_status":"closed","template":"","meta":{"footnotes":""},"class_list":["post-10","page","type-page","status-publish","hentry","entry"],"yoast_head":"<!-- This site is optimized with the Yoast SEO Premium plugin v22.2 (Yoast SEO v26.2) - https:\/\/yoast.com\/wordpress\/plugins\/seo\/ -->\n<title>Contact<\/title>\n<meta name=\"description\" content=\"Contactez moi\" \/>\n<meta name=\"robots\" content=\"index, follow, max-snippet:-1, max-image-preview:large, max-video-preview:-1\" \/>\n<link rel=\"canonical\" href=\"https:\/\/massage-castanet.fr\/?page_id=10\" \/>\n<meta property=\"og:locale\" content=\"fr_FR\" \/>\n<meta property=\"og:type\" content=\"article\" \/>\n<meta property=\"og:title\" content=\"Contact\" \/>\n<meta property=\"og:description\" content=\"Contactez moi\" \/>\n<meta property=\"og:url\" content=\"https:\/\/massage-castanet.fr\/?page_id=10\" \/>\n<meta property=\"og:site_name\" content=\"Massage bien-\u00eatre, R\u00e9flexologie et Naturopathe \u00e0 castanet tolosan et \u00e0 domicile\" \/>\n<meta property=\"article:publisher\" content=\"https:\/\/www.facebook.com\/naturopathe.castanet\/\" \/>\n<meta property=\"article:modified_time\" content=\"2024-04-03T13:36:12+00:00\" \/>\n<meta name=\"twitter:card\" content=\"summary_large_image\" \/>\n<meta name=\"twitter:site\" content=\"@Naturopathe31\" \/>\n<meta name=\"twitter:label1\" content=\"Dur\u00e9e de lecture estim\u00e9e\" \/>\n\t<meta name=\"twitter:data1\" content=\"1 minute\" \/>\n<script type=\"application\/ld+json\" class=\"yoast-schema-graph\">{\"@context\":\"https:\/\/schema.org\",\"@graph\":[{\"@type\":\"WebPage\",\"@id\":\"https:\/\/massage-castanet.fr\/?page_id=10\",\"url\":\"https:\/\/massage-castanet.fr\/?page_id=10\",\"name\":\"Contact\",\"isPartOf\":{\"@id\":\"https:\/\/massage-castanet.fr\/#website\"},\"datePublished\":\"2024-03-28T13:56:34+00:00\",\"dateModified\":\"2024-04-03T13:36:12+00:00\",\"description\":\"Contactez moi\",\"breadcrumb\":{\"@id\":\"https:\/\/massage-castanet.fr\/?page_id=10#breadcrumb\"},\"inLanguage\":\"fr-FR\",\"potentialAction\":[{\"@type\":\"ReadAction\",\"target\":[\"https:\/\/massage-castanet.fr\/?page_id=10\"]}]},{\"@type\":\"BreadcrumbList\",\"@id\":\"https:\/\/massage-castanet.fr\/?page_id=10#breadcrumb\",\"itemListElement\":[{\"@type\":\"ListItem\",\"position\":1,\"name\":\"Accueil\",\"item\":\"https:\/\/massage-castanet.fr\/\"},{\"@type\":\"ListItem\",\"position\":2,\"name\":\"Contact\"}]},{\"@type\":\"WebSite\",\"@id\":\"https:\/\/massage-castanet.fr\/#website\",\"url\":\"https:\/\/massage-castanet.fr\/\",\"name\":\"Massage \u00e0 castanet, R\u00e9flexologie et Naturopathe\",\"description\":\"Massage bien \u00eatre et Naturopathie \u00e0 castanet et \u00e0 domicile - Lo\u00efc R\u00e9garel\u00e9\",\"publisher\":{\"@id\":\"https:\/\/massage-castanet.fr\/#organization\"},\"potentialAction\":[{\"@type\":\"SearchAction\",\"target\":{\"@type\":\"EntryPoint\",\"urlTemplate\":\"https:\/\/massage-castanet.fr\/?s={search_term_string}\"},\"query-input\":{\"@type\":\"PropertyValueSpecification\",\"valueRequired\":true,\"valueName\":\"search_term_string\"}}],\"inLanguage\":\"fr-FR\"},{\"@type\":\"Organization\",\"@id\":\"https:\/\/massage-castanet.fr\/#organization\",\"name\":\"Massage bien \u00eatre , R\u00e9flexologie et Naturopathe Lo\u00efc R\u00e9gar\u00e9\",\"url\":\"https:\/\/massage-castanet.fr\/\",\"logo\":{\"@type\":\"ImageObject\",\"inLanguage\":\"fr-FR\",\"@id\":\"https:\/\/massage-castanet.fr\/#\/schema\/logo\/image\/\",\"url\":\"https:\/\/massage-castanet.fr\/wp-content\/uploads\/2024\/03\/DSC06782bf.jpg\",\"contentUrl\":\"https:\/\/massage-castanet.fr\/wp-content\/uploads\/2024\/03\/DSC06782bf.jpg\",\"width\":526,\"height\":351,\"caption\":\"Massage bien \u00eatre , R\u00e9flexologie et Naturopathe Lo\u00efc R\u00e9gar\u00e9\"},\"image\":{\"@id\":\"https:\/\/massage-castanet.fr\/#\/schema\/logo\/image\/\"},\"sameAs\":[\"https:\/\/www.facebook.com\/naturopathe.castanet\/\",\"https:\/\/x.com\/Naturopathe31\",\"https:\/\/www.instagram.com\/massage_naturo_castanet\/?hl=fr\"],\"description\":\"Massage et Naturopathe \u00e0 Castanet : Vous avez besoin d'un moment pour vous ? Besoin de vous d\u00e9tendre ? Je vous propose des s\u00e9ances de massage bien-\u00eatre et de r\u00e9flexologie plantaire \u00e0 Castanet tolosan. J'utilise des m\u00e9thodes issus des massages ayurv\u00e9dique, massage californien, massage drainant et massage balinais. En tant que naturopathe, je vous re\u00e7ois en consultation \u00e0 mon cabinet ou je peux me d\u00e9placer dans le secteur de Ramonville, Lab\u00e8ge, Escalquens, Auzeville, P\u00e9chabou ,Pompertuza, Lacroix-Falgarde, Montgiscard, Bazi\u00e8ge et Toulouse. Pour votre bien-\u00eatre, j'\u00e9tablis un programme d'hygi\u00e8ne de vie personnalis\u00e9 et adapt\u00e9 \u00e0 vos besoins en utilisant des m\u00e9thodes naturelles.\",\"email\":\"regare.naturo@gmail.com\",\"telephone\":\"06 14 61 97 09\",\"legalName\":\"Massage bien-\u00eatre et Naturopathe - Lo\u00efc R\u00e9gar\u00e9\",\"foundingDate\":\"2017-07-01\",\"taxID\":\"8116136450019\",\"numberOfEmployees\":{\"@type\":\"QuantitativeValue\",\"minValue\":\"1\",\"maxValue\":\"10\"}}]}<\/script>\n<!-- \/ Yoast SEO Premium plugin. -->","yoast_head_json":{"title":"Contact","description":"Contactez moi","robots":{"index":"index","follow":"follow","max-snippet":"max-snippet:-1","max-image-preview":"max-image-preview:large","max-video-preview":"max-video-preview:-1"},"canonical":"https:\/\/massage-castanet.fr\/?page_id=10","og_locale":"fr_FR","og_type":"article","og_title":"Contact","og_description":"Contactez moi","og_url":"https:\/\/massage-castanet.fr\/?page_id=10","og_site_name":"Massage bien-\u00eatre, R\u00e9flexologie et Naturopathe \u00e0 castanet tolosan et \u00e0 domicile","article_publisher":"https:\/\/www.facebook.com\/naturopathe.castanet\/","article_modified_time":"2024-04-03T13:36:12+00:00","twitter_card":"summary_large_image","twitter_site":"@Naturopathe31","twitter_misc":{"Dur\u00e9e de lecture estim\u00e9e":"1 minute"},"schema":{"@context":"https:\/\/schema.org","@graph":[{"@type":"WebPage","@id":"https:\/\/massage-castanet.fr\/?page_id=10","url":"https:\/\/massage-castanet.fr\/?page_id=10","name":"Contact","isPartOf":{"@id":"https:\/\/massage-castanet.fr\/#website"},"datePublished":"2024-03-28T13:56:34+00:00","dateModified":"2024-04-03T13:36:12+00:00","description":"Contactez moi","breadcrumb":{"@id":"https:\/\/massage-castanet.fr\/?page_id=10#breadcrumb"},"inLanguage":"fr-FR","potentialAction":[{"@type":"ReadAction","target":["https:\/\/massage-castanet.fr\/?page_id=10"]}]},{"@type":"BreadcrumbList","@id":"https:\/\/massage-castanet.fr\/?page_id=10#breadcrumb","itemListElement":[{"@type":"ListItem","position":1,"name":"Accueil","item":"https:\/\/massage-castanet.fr\/"},{"@type":"ListItem","position":2,"name":"Contact"}]},{"@type":"WebSite","@id":"https:\/\/massage-castanet.fr\/#website","url":"https:\/\/massage-castanet.fr\/","name":"Massage \u00e0 castanet, R\u00e9flexologie et Naturopathe","description":"Massage bien \u00eatre et Naturopathie \u00e0 castanet et \u00e0 domicile - Lo\u00efc R\u00e9garel\u00e9","publisher":{"@id":"https:\/\/massage-castanet.fr\/#organization"},"potentialAction":[{"@type":"SearchAction","target":{"@type":"EntryPoint","urlTemplate":"https:\/\/massage-castanet.fr\/?s={search_term_string}"},"query-input":{"@type":"PropertyValueSpecification","valueRequired":true,"valueName":"search_term_string"}}],"inLanguage":"fr-FR"},{"@type":"Organization","@id":"https:\/\/massage-castanet.fr\/#organization","name":"Massage bien \u00eatre , R\u00e9flexologie et Naturopathe Lo\u00efc R\u00e9gar\u00e9","url":"https:\/\/massage-castanet.fr\/","logo":{"@type":"ImageObject","inLanguage":"fr-FR","@id":"https:\/\/massage-castanet.fr\/#\/schema\/logo\/image\/","url":"https:\/\/massage-castanet.fr\/wp-content\/uploads\/2024\/03\/DSC06782bf.jpg","contentUrl":"https:\/\/massage-castanet.fr\/wp-content\/uploads\/2024\/03\/DSC06782bf.jpg","width":526,"height":351,"caption":"Massage bien \u00eatre , R\u00e9flexologie et Naturopathe Lo\u00efc R\u00e9gar\u00e9"},"image":{"@id":"https:\/\/massage-castanet.fr\/#\/schema\/logo\/image\/"},"sameAs":["https:\/\/www.facebook.com\/naturopathe.castanet\/","https:\/\/x.com\/Naturopathe31","https:\/\/www.instagram.com\/massage_naturo_castanet\/?hl=fr"],"description":"Massage et Naturopathe \u00e0 Castanet : Vous avez besoin d'un moment pour vous ? Besoin de vous d\u00e9tendre ? Je vous propose des s\u00e9ances de massage bien-\u00eatre et de r\u00e9flexologie plantaire \u00e0 Castanet tolosan. J'utilise des m\u00e9thodes issus des massages ayurv\u00e9dique, massage californien, massage drainant et massage balinais. En tant que naturopathe, je vous re\u00e7ois en consultation \u00e0 mon cabinet ou je peux me d\u00e9placer dans le secteur de Ramonville, Lab\u00e8ge, Escalquens, Auzeville, P\u00e9chabou ,Pompertuza, Lacroix-Falgarde, Montgiscard, Bazi\u00e8ge et Toulouse. Pour votre bien-\u00eatre, j'\u00e9tablis un programme d'hygi\u00e8ne de vie personnalis\u00e9 et adapt\u00e9 \u00e0 vos besoins en utilisant des m\u00e9thodes naturelles.","email":"regare.naturo@gmail.com","telephone":"06 14 61 97 09","legalName":"Massage bien-\u00eatre et Naturopathe - Lo\u00efc R\u00e9gar\u00e9","foundingDate":"2017-07-01","taxID":"8116136450019","numberOfEmployees":{"@type":"QuantitativeValue","minValue":"1","maxValue":"10"}}]}},"_links":{"self":[{"href":"https:\/\/massage-castanet.fr\/index.php?rest_route=\/wp\/v2\/pages\/10","targetHints":{"allow":["GET"]}}],"collection":[{"href":"https:\/\/massage-castanet.fr\/index.php?rest_route=\/wp\/v2\/pages"}],"about":[{"href":"https:\/\/massage-castanet.fr\/index.php?rest_route=\/wp\/v2\/types\/page"}],"author":[{"embeddable":true,"href":"https:\/\/massage-castanet.fr\/index.php?rest_route=\/wp\/v2\/users\/1"}],"replies":[{"embeddable":true,"href":"https:\/\/massage-castanet.fr\/index.php?rest_route=%2Fwp%2Fv2%2Fcomments&post=10"}],"version-history":[{"count":19,"href":"https:\/\/massage-castanet.fr\/index.php?rest_route=\/wp\/v2\/pages\/10\/revisions"}],"predecessor-version":[{"id":222,"href":"https:\/\/massage-castanet.fr\/index.php?rest_route=\/wp\/v2\/pages\/10\/revisions\/222"}],"wp:attachment":[{"href":"https:\/\/massage-castanet.fr\/index.php?rest_route=%2Fwp%2Fv2%2Fmedia&parent=10"}],"curies":[{"name":"wp","href":"https:\/\/api.w.org\/{rel}","templated":true}]}}